{"id":84,"date":"2022-07-14T19:04:43","date_gmt":"2022-07-14T19:04:43","guid":{"rendered":"https:\/\/alzar.mx\/?page_id=84"},"modified":"2022-07-29T23:42:11","modified_gmt":"2022-07-29T23:42:11","slug":"inicio","status":"publish","type":"page","link":"https:\/\/alzar.mx\/","title":{"rendered":"Inicio"},"content":{"rendered":"\t\t<div data-elementor-type=\"wp-page\" data-elementor-id=\"84\" class=\"elementor elementor-84\">\n\t\t\t\t\t\t<section class=\"elementor-section elementor-top-section elementor-element elementor-element-3aac680 elementor-section-height-full elementor-hidden-tablet elementor-hidden-mobile elementor-section-boxed elementor-section-height-default elementor-section-items-middle elementor-invisible\" data-id=\"3aac680\" data-element_type=\"section\" data-e-type=\"section\" data-settings=\"{&quot;background_background&quot;:&quot;classic&quot;,&quot;animation&quot;:&quot;fadeIn&quot;}\">\n\t\t\t\t\t\t<div class=\"elementor-container elementor-column-gap-no\">\n\t\t\t\t\t<div class=\"elementor-column elementor-col-100 elementor-top-column elementor-element elementor-element-5b8aaae\" data-id=\"5b8aaae\" data-element_type=\"column\" data-e-type=\"column\">\n\t\t\t<div class=\"elementor-widget-wrap elementor-element-populated\">\n\t\t\t\t\t\t<div class=\"elementor-element elementor-element-e993924 elementor-widget elementor-widget-heading\" data-id=\"e993924\" data-element_type=\"widget\" data-e-type=\"widget\" data-settings=\"{&quot;_animation&quot;:&quot;none&quot;}\" data-widget_type=\"heading.default\">\n\t\t\t\t<div class=\"elementor-widget-container\">\n\t\t\t\t\t<h1 class=\"elementor-heading-title elementor-size-default\">So\u00f1amos, Imaginamos, Creamos, Construimos y Dise\u00f1amos Juntos.<\/h1>\t\t\t\t<\/div>\n\t\t\t\t<\/div>\n\t\t\t\t<div class=\"elementor-element elementor-element-d2d3b30 elementor-align-center elementor-invisible elementor-widget elementor-widget-button\" data-id=\"d2d3b30\" data-element_type=\"widget\" data-e-type=\"widget\" data-settings=\"{&quot;_animation&quot;:&quot;fadeIn&quot;}\" data-widget_type=\"button.default\">\n\t\t\t\t<div class=\"elementor-widget-container\">\n\t\t\t\t\t\t\t\t\t<div class=\"elementor-button-wrapper\">\n\t\t\t\t\t<a class=\"elementor-button elementor-button-link elementor-size-lg\" href=\"https:\/\/alzar.mx\/index.php\/contacto\/\">\n\t\t\t\t\t\t<span class=\"elementor-button-content-wrapper\">\n\t\t\t\t\t\t\t\t\t<span class=\"elementor-button-text\">Contacto<\/span>\n\t\t\t\t\t<\/span>\n\t\t\t\t\t<\/a>\n\t\t\t\t<\/div>\n\t\t\t\t\t\t\t\t<\/div>\n\t\t\t\t<\/div>\n\t\t\t\t\t<\/div>\n\t\t<\/div>\n\t\t\t\t\t<\/div>\n\t\t<\/section>\n\t\t\t\t<section class=\"elementor-section elementor-top-section elementor-element elementor-element-0d87199 elementor-section-height-full elementor-hidden-desktop elementor-section-boxed elementor-section-height-default elementor-section-items-middle elementor-invisible\" data-id=\"0d87199\" data-element_type=\"section\" data-e-type=\"section\" data-settings=\"{&quot;background_background&quot;:&quot;classic&quot;,&quot;animation&quot;:&quot;fadeIn&quot;}\">\n\t\t\t\t\t\t\t<div class=\"elementor-background-overlay\"><\/div>\n\t\t\t\t\t\t\t<div class=\"elementor-container elementor-column-gap-no\">\n\t\t\t\t\t<div class=\"elementor-column elementor-col-100 elementor-top-column elementor-element elementor-element-33b6d1b\" data-id=\"33b6d1b\" data-element_type=\"column\" data-e-type=\"column\" data-settings=\"{&quot;background_background&quot;:&quot;classic&quot;}\">\n\t\t\t<div class=\"elementor-widget-wrap elementor-element-populated\">\n\t\t\t\t\t\t<div class=\"elementor-element elementor-element-08a98e6 elementor-widget elementor-widget-heading\" data-id=\"08a98e6\" data-element_type=\"widget\" data-e-type=\"widget\" data-settings=\"{&quot;_animation&quot;:&quot;none&quot;}\" data-widget_type=\"heading.default\">\n\t\t\t\t<div class=\"elementor-widget-container\">\n\t\t\t\t\t<h1 class=\"elementor-heading-title elementor-size-small\">Imaginamos, Construimos y Dise\u00f1amos Juntos.<\/h1>\t\t\t\t<\/div>\n\t\t\t\t<\/div>\n\t\t\t\t\t<\/div>\n\t\t<\/div>\n\t\t\t\t\t<\/div>\n\t\t<\/section>\n\t\t\t\t<section class=\"elementor-section elementor-top-section elementor-element elementor-element-7d558f9 elementor-hidden-desktop elementor-section-boxed elementor-section-height-default elementor-section-height-default\" data-id=\"7d558f9\" data-element_type=\"section\" data-e-type=\"section\">\n\t\t\t\t\t\t<div class=\"elementor-container elementor-column-gap-default\">\n\t\t\t\t\t<div class=\"elementor-column elementor-col-100 elementor-top-column elementor-element elementor-element-4642e2b\" data-id=\"4642e2b\" data-element_type=\"column\" data-e-type=\"column\">\n\t\t\t<div class=\"elementor-widget-wrap elementor-element-populated\">\n\t\t\t\t\t\t<div class=\"elementor-element elementor-element-d68125d elementor-align-center elementor-invisible elementor-widget elementor-widget-button\" data-id=\"d68125d\" data-element_type=\"widget\" data-e-type=\"widget\" data-settings=\"{&quot;_animation&quot;:&quot;fadeIn&quot;}\" data-widget_type=\"button.default\">\n\t\t\t\t<div class=\"elementor-widget-container\">\n\t\t\t\t\t\t\t\t\t<div class=\"elementor-button-wrapper\">\n\t\t\t\t\t<a class=\"elementor-button elementor-button-link elementor-size-lg\" href=\"https:\/\/alzar.mx\/index.php\/contacto\/\">\n\t\t\t\t\t\t<span class=\"elementor-button-content-wrapper\">\n\t\t\t\t\t\t\t\t\t<span class=\"elementor-button-text\">Contacto<\/span>\n\t\t\t\t\t<\/span>\n\t\t\t\t\t<\/a>\n\t\t\t\t<\/div>\n\t\t\t\t\t\t\t\t<\/div>\n\t\t\t\t<\/div>\n\t\t\t\t\t<\/div>\n\t\t<\/div>\n\t\t\t\t\t<\/div>\n\t\t<\/section>\n\t\t\t\t<section class=\"elementor-section elementor-top-section elementor-element elementor-element-83ba4ec elementor-section-content-middle elementor-section-boxed elementor-section-height-default elementor-section-height-default elementor-invisible\" data-id=\"83ba4ec\" data-element_type=\"section\" data-e-type=\"section\" data-settings=\"{&quot;animation&quot;:&quot;fadeIn&quot;}\">\n\t\t\t\t\t\t<div class=\"elementor-container elementor-column-gap-default\">\n\t\t\t\t\t<div class=\"elementor-column elementor-col-33 elementor-top-column elementor-element elementor-element-303a3b4\" data-id=\"303a3b4\" data-element_type=\"column\" data-e-type=\"column\">\n\t\t\t<div class=\"elementor-widget-wrap elementor-element-populated\">\n\t\t\t\t\t\t<div class=\"elementor-element elementor-element-5a7db57 elementor-widget__width-inherit elementor-invisible elementor-widget elementor-widget-heading\" data-id=\"5a7db57\" data-element_type=\"widget\" data-e-type=\"widget\" data-settings=\"{&quot;_animation&quot;:&quot;fadeIn&quot;}\" data-widget_type=\"heading.default\">\n\t\t\t\t<div class=\"elementor-widget-container\">\n\t\t\t\t\t<h3 class=\"elementor-heading-title elementor-size-medium\">Somos un grupo de arquitectos trabajando en equipo, uniendo fuerzas para lograr proyectos completos.<\/h3>\t\t\t\t<\/div>\n\t\t\t\t<\/div>\n\t\t\t\t<div class=\"elementor-element elementor-element-ca8b13f elementor-widget elementor-widget-heading\" data-id=\"ca8b13f\" data-element_type=\"widget\" data-e-type=\"widget\" data-widget_type=\"heading.default\">\n\t\t\t\t<div class=\"elementor-widget-container\">\n\t\t\t\t\t<h3 class=\"elementor-heading-title elementor-size-medium\">Ofrecemos soluciones de dise\u00f1o arquitect\u00f3nico, construcci\u00f3n e interiorismo, integrando al cliente en el proceso de toma de decisiones y cuidando a detalle su inversi\u00f3n.<br><br>Construimos y so\u00f1amos juntos.<\/h3>\t\t\t\t<\/div>\n\t\t\t\t<\/div>\n\t\t\t\t<div class=\"elementor-element elementor-element-0d2c685 elementor-align-left elementor-invisible elementor-widget elementor-widget-button\" data-id=\"0d2c685\" data-element_type=\"widget\" data-e-type=\"widget\" data-settings=\"{&quot;_animation&quot;:&quot;fadeIn&quot;}\" data-widget_type=\"button.default\">\n\t\t\t\t<div class=\"elementor-widget-container\">\n\t\t\t\t\t\t\t\t\t<div class=\"elementor-button-wrapper\">\n\t\t\t\t\t<a class=\"elementor-button elementor-button-link elementor-size-sm\" href=\"https:\/\/alzar.mx\/index.php\/contacto\/\">\n\t\t\t\t\t\t<span class=\"elementor-button-content-wrapper\">\n\t\t\t\t\t\t\t\t\t<span class=\"elementor-button-text\">Cont\u00e1ctanos<\/span>\n\t\t\t\t\t<\/span>\n\t\t\t\t\t<\/a>\n\t\t\t\t<\/div>\n\t\t\t\t\t\t\t\t<\/div>\n\t\t\t\t<\/div>\n\t\t\t\t\t<\/div>\n\t\t<\/div>\n\t\t\t\t<div class=\"elementor-column elementor-col-66 elementor-top-column elementor-element elementor-element-4532cfe\" data-id=\"4532cfe\" data-element_type=\"column\" data-e-type=\"column\">\n\t\t\t<div class=\"elementor-widget-wrap elementor-element-populated\">\n\t\t\t\t\t\t<div class=\"elementor-element elementor-element-1f3ef2b elementor-hidden-tablet elementor-hidden-mobile elementor-invisible elementor-widget elementor-widget-image\" data-id=\"1f3ef2b\" data-element_type=\"widget\" data-e-type=\"widget\" data-settings=\"{&quot;_animation&quot;:&quot;fadeIn&quot;}\" data-widget_type=\"image.default\">\n\t\t\t\t<div class=\"elementor-widget-container\">\n\t\t\t\t\t\t\t\t\t\t\t\t\t\t\t<img fetchpriority=\"high\" decoding=\"async\" width=\"2500\" height=\"1405\" src=\"https:\/\/alzar.mx\/wp-content\/uploads\/2022\/07\/Lomas-fachada-post-2500-2.jpg\" class=\"attachment-full size-full wp-image-81\" alt=\"Alzar Arquitectos\" srcset=\"https:\/\/alzar.mx\/wp-content\/uploads\/2022\/07\/Lomas-fachada-post-2500-2.jpg 2500w, https:\/\/alzar.mx\/wp-content\/uploads\/2022\/07\/Lomas-fachada-post-2500-2-300x169.jpg 300w, https:\/\/alzar.mx\/wp-content\/uploads\/2022\/07\/Lomas-fachada-post-2500-2-1024x575.jpg 1024w, https:\/\/alzar.mx\/wp-content\/uploads\/2022\/07\/Lomas-fachada-post-2500-2-768x432.jpg 768w, https:\/\/alzar.mx\/wp-content\/uploads\/2022\/07\/Lomas-fachada-post-2500-2-1536x863.jpg 1536w, https:\/\/alzar.mx\/wp-content\/uploads\/2022\/07\/Lomas-fachada-post-2500-2-2048x1151.jpg 2048w, https:\/\/alzar.mx\/wp-content\/uploads\/2022\/07\/Lomas-fachada-post-2500-2-2000x1124.jpg 2000w\" sizes=\"(max-width: 2500px) 100vw, 2500px\" \/>\t\t\t\t\t\t\t\t\t\t\t\t\t\t\t<\/div>\n\t\t\t\t<\/div>\n\t\t\t\t\t<\/div>\n\t\t<\/div>\n\t\t\t\t\t<\/div>\n\t\t<\/section>\n\t\t\t\t<section class=\"elementor-section elementor-top-section elementor-element elementor-element-63f9060 elementor-section-full_width elementor-section-height-min-height elementor-section-content-middle elementor-section-height-default elementor-section-items-middle\" data-id=\"63f9060\" data-element_type=\"section\" data-e-type=\"section\">\n\t\t\t\t\t\t<div class=\"elementor-container elementor-column-gap-no\">\n\t\t\t\t\t<div class=\"elementor-column elementor-col-100 elementor-top-column elementor-element elementor-element-0be7f5b\" data-id=\"0be7f5b\" data-element_type=\"column\" data-e-type=\"column\">\n\t\t\t<div class=\"elementor-widget-wrap elementor-element-populated\">\n\t\t\t\t\t\t<div class=\"elementor-element elementor-element-7f39391 elementor-widget elementor-widget-spacer\" data-id=\"7f39391\" data-element_type=\"widget\" data-e-type=\"widget\" data-widget_type=\"spacer.default\">\n\t\t\t\t<div class=\"elementor-widget-container\">\n\t\t\t\t\t\t\t<div class=\"elementor-spacer\">\n\t\t\t<div class=\"elementor-spacer-inner\"><\/div>\n\t\t<\/div>\n\t\t\t\t\t\t<\/div>\n\t\t\t\t<\/div>\n\t\t\t\t<div class=\"elementor-element elementor-element-6bf5cdd elementor-invisible elementor-widget elementor-widget-heading\" data-id=\"6bf5cdd\" data-element_type=\"widget\" data-e-type=\"widget\" data-settings=\"{&quot;_animation&quot;:&quot;fadeIn&quot;}\" data-widget_type=\"heading.default\">\n\t\t\t\t<div class=\"elementor-widget-container\">\n\t\t\t\t\t<h2 class=\"elementor-heading-title elementor-size-default\">Portafolio<\/h2>\t\t\t\t<\/div>\n\t\t\t\t<\/div>\n\t\t\t\t<div class=\"elementor-element elementor-element-6d2609e elementor-widget__width-inherit elementor-invisible elementor-widget elementor-widget-image-gallery\" data-id=\"6d2609e\" data-element_type=\"widget\" data-e-type=\"widget\" data-settings=\"{&quot;_animation&quot;:&quot;fadeIn&quot;}\" data-widget_type=\"image-gallery.default\">\n\t\t\t\t<div class=\"elementor-widget-container\">\n\t\t\t\t\t\t\t<div class=\"elementor-image-gallery\">\n\t\t\t<div id='gallery-1' class='gallery galleryid-84 gallery-columns-3 gallery-size-2048x2048'><figure class='gallery-item'>\n\t\t\t<div class='gallery-icon landscape'>\n\t\t\t\t<img decoding=\"async\" width=\"2048\" height=\"1153\" src=\"https:\/\/alzar.mx\/wp-content\/uploads\/2022\/07\/RIO-CAURA-FACHADA-POSTERIOR-A-2500-2048x1153.jpg\" class=\"attachment-2048x2048 size-2048x2048\" alt=\"\" srcset=\"https:\/\/alzar.mx\/wp-content\/uploads\/2022\/07\/RIO-CAURA-FACHADA-POSTERIOR-A-2500-2048x1153.jpg 2048w, https:\/\/alzar.mx\/wp-content\/uploads\/2022\/07\/RIO-CAURA-FACHADA-POSTERIOR-A-2500-300x169.jpg 300w, https:\/\/alzar.mx\/wp-content\/uploads\/2022\/07\/RIO-CAURA-FACHADA-POSTERIOR-A-2500-1024x577.jpg 1024w, https:\/\/alzar.mx\/wp-content\/uploads\/2022\/07\/RIO-CAURA-FACHADA-POSTERIOR-A-2500-768x433.jpg 768w, https:\/\/alzar.mx\/wp-content\/uploads\/2022\/07\/RIO-CAURA-FACHADA-POSTERIOR-A-2500-1536x865.jpg 1536w, https:\/\/alzar.mx\/wp-content\/uploads\/2022\/07\/RIO-CAURA-FACHADA-POSTERIOR-A-2500-2000x1126.jpg 2000w\" sizes=\"(max-width: 2048px) 100vw, 2048px\" \/>\n\t\t\t<\/div><\/figure><figure class='gallery-item'>\n\t\t\t<div class='gallery-icon landscape'>\n\t\t\t\t<img decoding=\"async\" width=\"2048\" height=\"1151\" src=\"https:\/\/alzar.mx\/wp-content\/uploads\/2022\/07\/Lomas-fachada-post-2500-2048x1151.jpg\" class=\"attachment-2048x2048 size-2048x2048\" alt=\"\" srcset=\"https:\/\/alzar.mx\/wp-content\/uploads\/2022\/07\/Lomas-fachada-post-2500-2048x1151.jpg 2048w, https:\/\/alzar.mx\/wp-content\/uploads\/2022\/07\/Lomas-fachada-post-2500-300x169.jpg 300w, https:\/\/alzar.mx\/wp-content\/uploads\/2022\/07\/Lomas-fachada-post-2500-1024x575.jpg 1024w, https:\/\/alzar.mx\/wp-content\/uploads\/2022\/07\/Lomas-fachada-post-2500-768x432.jpg 768w, https:\/\/alzar.mx\/wp-content\/uploads\/2022\/07\/Lomas-fachada-post-2500-1536x863.jpg 1536w, https:\/\/alzar.mx\/wp-content\/uploads\/2022\/07\/Lomas-fachada-post-2500-2000x1124.jpg 2000w\" sizes=\"(max-width: 2048px) 100vw, 2048px\" \/>\n\t\t\t<\/div><\/figure><figure class='gallery-item'>\n\t\t\t<div class='gallery-icon landscape'>\n\t\t\t\t<img loading=\"lazy\" decoding=\"async\" width=\"2048\" height=\"1152\" src=\"https:\/\/alzar.mx\/wp-content\/uploads\/2022\/07\/render-CAURA-fachada-A.2500-2-2048x1152.jpg\" class=\"attachment-2048x2048 size-2048x2048\" alt=\"\" srcset=\"https:\/\/alzar.mx\/wp-content\/uploads\/2022\/07\/render-CAURA-fachada-A.2500-2-2048x1152.jpg 2048w, https:\/\/alzar.mx\/wp-content\/uploads\/2022\/07\/render-CAURA-fachada-A.2500-2-300x169.jpg 300w, https:\/\/alzar.mx\/wp-content\/uploads\/2022\/07\/render-CAURA-fachada-A.2500-2-1024x576.jpg 1024w, https:\/\/alzar.mx\/wp-content\/uploads\/2022\/07\/render-CAURA-fachada-A.2500-2-768x432.jpg 768w, https:\/\/alzar.mx\/wp-content\/uploads\/2022\/07\/render-CAURA-fachada-A.2500-2-1536x864.jpg 1536w, https:\/\/alzar.mx\/wp-content\/uploads\/2022\/07\/render-CAURA-fachada-A.2500-2-2000x1125.jpg 2000w\" sizes=\"(max-width: 2048px) 100vw, 2048px\" \/>\n\t\t\t<\/div><\/figure>\n\t\t<\/div>\n\t\t<\/div>\n\t\t\t\t\t\t<\/div>\n\t\t\t\t<\/div>\n\t\t\t\t<div class=\"elementor-element elementor-element-09b1169 elementor-align-center elementor-widget elementor-widget-button\" data-id=\"09b1169\" data-element_type=\"widget\" data-e-type=\"widget\" data-widget_type=\"button.default\">\n\t\t\t\t<div class=\"elementor-widget-container\">\n\t\t\t\t\t\t\t\t\t<div class=\"elementor-button-wrapper\">\n\t\t\t\t\t<a class=\"elementor-button elementor-button-link elementor-size-sm\" href=\"https:\/\/alzar.mx\/index.php\/portafolio\/\">\n\t\t\t\t\t\t<span class=\"elementor-button-content-wrapper\">\n\t\t\t\t\t\t\t\t\t<span class=\"elementor-button-text\">Ver Portafolio<\/span>\n\t\t\t\t\t<\/span>\n\t\t\t\t\t<\/a>\n\t\t\t\t<\/div>\n\t\t\t\t\t\t\t\t<\/div>\n\t\t\t\t<\/div>\n\t\t\t\t\t<\/div>\n\t\t<\/div>\n\t\t\t\t\t<\/div>\n\t\t<\/section>\n\t\t\t\t<section class=\"elementor-section elementor-top-section elementor-element elementor-element-25d7bf0 elementor-section-full_width elementor-section-height-default elementor-section-height-default\" data-id=\"25d7bf0\" data-element_type=\"section\" data-e-type=\"section\" data-settings=\"{&quot;background_background&quot;:&quot;classic&quot;}\">\n\t\t\t\t\t\t<div class=\"elementor-container elementor-column-gap-no\">\n\t\t\t\t\t<div class=\"elementor-column elementor-col-100 elementor-top-column elementor-element elementor-element-ec9685a\" data-id=\"ec9685a\" data-element_type=\"column\" data-e-type=\"column\">\n\t\t\t<div class=\"elementor-widget-wrap elementor-element-populated\">\n\t\t\t\t\t\t<div class=\"elementor-element elementor-element-3ae3a9e elementor-shape-circle elementor-grid-0 e-grid-align-center elementor-widget elementor-widget-social-icons\" data-id=\"3ae3a9e\" data-element_type=\"widget\" data-e-type=\"widget\" data-widget_type=\"social-icons.default\">\n\t\t\t\t<div class=\"elementor-widget-container\">\n\t\t\t\t\t\t\t<div class=\"elementor-social-icons-wrapper elementor-grid\" role=\"list\">\n\t\t\t\t\t\t\t<span class=\"elementor-grid-item\" role=\"listitem\">\n\t\t\t\t\t<a class=\"elementor-icon elementor-social-icon elementor-social-icon-facebook elementor-repeater-item-2582eac\" href=\"https:\/\/www.facebook.com\/alzararquitectos\" target=\"_blank\">\n\t\t\t\t\t\t<span class=\"elementor-screen-only\">Facebook<\/span>\n\t\t\t\t\t\t<i aria-hidden=\"true\" class=\"fab fa-facebook\"><\/i>\t\t\t\t\t<\/a>\n\t\t\t\t<\/span>\n\t\t\t\t\t\t\t<span class=\"elementor-grid-item\" role=\"listitem\">\n\t\t\t\t\t<a class=\"elementor-icon elementor-social-icon elementor-social-icon-instagram elementor-repeater-item-26d6082\" href=\"https:\/\/instagram.com\/alzar__arquitectos?igshid=YmMyMTA2M2Y=\" target=\"_blank\">\n\t\t\t\t\t\t<span class=\"elementor-screen-only\">Instagram<\/span>\n\t\t\t\t\t\t<i aria-hidden=\"true\" class=\"fab fa-instagram\"><\/i>\t\t\t\t\t<\/a>\n\t\t\t\t<\/span>\n\t\t\t\t\t<\/div>\n\t\t\t\t\t\t<\/div>\n\t\t\t\t<\/div>\n\t\t\t\t<div class=\"elementor-element elementor-element-60f8b96 elementor-widget elementor-widget-text-editor\" data-id=\"60f8b96\" data-element_type=\"widget\" data-e-type=\"widget\" data-widget_type=\"text-editor.default\">\n\t\t\t\t<div class=\"elementor-widget-container\">\n\t\t\t\t\t\t\t\t\t<p>\u00a0<\/p><p>t. 81 1611 7740<\/p><p>c. <a href=\"mailto:contacto@alzar.mx\">contacto@alzar.mx<\/a><\/p>\t\t\t\t\t\t\t\t<\/div>\n\t\t\t\t<\/div>\n\t\t\t\t\t<\/div>\n\t\t<\/div>\n\t\t\t\t\t<\/div>\n\t\t<\/section>\n\t\t\t\t<\/div>\n\t\t","protected":false},"excerpt":{"rendered":"<p>So\u00f1amos, Imaginamos, Creamos, Construimos y Dise\u00f1amos Juntos. Contacto Imaginamos, Construimos y Dise\u00f1amos Juntos. Contacto Somos un grupo de arquitectos trabajando en equipo, uniendo fuerzas para lograr proyectos completos. Ofrecemos soluciones de dise\u00f1o arquitect\u00f3nico, construcci\u00f3n e interiorismo, integrando al cliente en el proceso de toma de decisiones y cuidando a detalle su inversi\u00f3n. Construimos y so\u00f1amos [&hellip;]<\/p>\n","protected":false},"author":1,"featured_media":0,"parent":0,"menu_order":0,"comment_status":"closed","ping_status":"closed","template":"","meta":{"footnotes":""},"class_list":["post-84","page","type-page","status-publish","hentry"],"_links":{"self":[{"href":"https:\/\/alzar.mx\/index.php\/wp-json\/wp\/v2\/pages\/84","targetHints":{"allow":["GET"]}}],"collection":[{"href":"https:\/\/alzar.mx\/index.php\/wp-json\/wp\/v2\/pages"}],"about":[{"href":"https:\/\/alzar.mx\/index.php\/wp-json\/wp\/v2\/types\/page"}],"author":[{"embeddable":true,"href":"https:\/\/alzar.mx\/index.php\/wp-json\/wp\/v2\/users\/1"}],"replies":[{"embeddable":true,"href":"https:\/\/alzar.mx\/index.php\/wp-json\/wp\/v2\/comments?post=84"}],"version-history":[{"count":163,"href":"https:\/\/alzar.mx\/index.php\/wp-json\/wp\/v2\/pages\/84\/revisions"}],"predecessor-version":[{"id":733,"href":"https:\/\/alzar.mx\/index.php\/wp-json\/wp\/v2\/pages\/84\/revisions\/733"}],"wp:attachment":[{"href":"https:\/\/alzar.mx\/index.php\/wp-json\/wp\/v2\/media?parent=84"}],"curies":[{"name":"wp","href":"https:\/\/api.w.org\/{rel}","templated":true}]}}